{"id":55191,"date":"2025-11-10T20:10:14","date_gmt":"2025-11-10T18:10:14","guid":{"rendered":"https:\/\/delsolestates.com\/?page_id=55191"},"modified":"2026-01-16T12:15:21","modified_gmt":"2026-01-16T11:15:21","slug":"suchergebnis","status":"publish","type":"page","link":"https:\/\/delsolestates.com\/de\/suchergebnis\/","title":{"rendered":"Suchergebnis"},"content":{"rendered":"<div data-elementor-type=\"wp-page\" data-elementor-id=\"55191\" class=\"elementor elementor-55191\">\n\t\t\t\t<div class=\"elementor-element elementor-element-55df0b1 e-flex e-con-boxed e-con e-parent\" data-id=\"55df0b1\" data-element_type=\"container\" data-e-type=\"container\">\n\t\t\t\t\t<div class=\"e-con-inner\">\n\t\t\t\t<div class=\"elementor-element elementor-element-f27cdc6 elementor-button-align-stretch elementor-widget elementor-widget-houzez_elementor_search_builder\" data-id=\"f27cdc6\" data-element_type=\"widget\" data-e-type=\"widget\" data-widget_type=\"houzez_elementor_search_builder.default\">\n\t\t\t\t<div class=\"elementor-widget-container\">\n\t\t\t\t\t\n        <form class=\"houzez-search-form-js houzez-search-builder-form-js\" id=\"houzez-search-f27cdc6\" method=\"get\" action=\"https:\/\/delsolestates.com\/de\/suchergebnis\/\" data-trp-original-action=\"https:\/\/delsolestates.com\/de\/suchergebnis\/\" >\n\n            \n            <div class=\"houzez-search-builder-wrapper\">\n\n                <div class=\"houzez-ele-search-form-wrapper elementor-form-fields-wrapper elementor-labels-above\">\n\n                                            <div class=\"elementor-field-group elementor-column form-group elementor-field-group-8f523d4 elementor-col-25\">\n                            <div class=\"elementor-field elementor-select-wrapper\">\n            <select data-size=\"5\" name=\"which-costa[]\" id=\"form-field-8f523d4\" data-live-search=\"true\" data-live-search-normalize=\"true\" data-actions-box=\"true\" title=\"Welche Costa de Sie bevorzugen\" data-selected-text-format=\"count &gt; 1\" data-select-all-text=\"Select All\" data-deselect-all-text=\"Deselect All\" data-count-selected-text=\"{0} items selected\" class=\"selectpicker bs-select-hidden houzez-field-textual form-control elementor-size-sm\" data-none-results-text=\"No results matched {0}\" multiple=\"multiple\">\n                <option  value=\"Costa del Sol\">Costa del Sol<\/option><option  value=\"Costa Calida\">Costa Calida<\/option><option  value=\"Costa Blanca\">Costa Blanca<\/option><option  value=\"Costa de la Luz\">Costa de la Luz<\/option><option  value=\"Costa de Almer\u00eda\">Costa de Almer\u00eda<\/option><option  value=\"Costa Tropical\">Costa Tropical<\/option>            <\/select>\n        <\/div>\n                            <\/div>\n                                <div class=\"elementor-field-group elementor-column form-group elementor-field-group-6b0017d elementor-col-25\">\n                            <div class=\"elementor-field elementor-select-wrapper\">\n            <select data-size=\"5\" name=\"municipalities[]\" id=\"form-field-6b0017d\" data-live-search=\"true\" data-live-search-normalize=\"true\" data-actions-box=\"true\" title=\"Standort\" data-selected-text-format=\"count &gt; 1\" data-select-all-text=\"Select All\" data-deselect-all-text=\"Deselect All\" data-count-selected-text=\"{0} items selected\" class=\"selectpicker bs-select-hidden houzez-field-textual form-control elementor-size-sm\" data-none-results-text=\"No results matched {0}\" multiple=\"multiple\">\n                <option  value=\"Vi\u00f1uela\">Vi\u00f1uela<\/option><option  value=\"Totana\">Totana<\/option><option  value=\"Catral \">Katrale <\/option><option  value=\"Jumilla\">Jumilla<\/option><option  value=\"Benferri\">Benferri<\/option><option  value=\"Almog\u00eda \">Almog\u00eda <\/option><option  value=\"Guaro\">Guaro<\/option><option  value=\"Arenas\">Arenen<\/option><option  value=\"Almachar\">Almachar<\/option><option  value=\"Periana\">Periana<\/option><option  value=\"Comares\">Comares<\/option><option  value=\"Sedella\">Sedella<\/option><option  value=\"Villanueva De La Concepcion\">Villanueva De La Concepcion<\/option><option  value=\"Casarabonela\">Casarabonela<\/option><option  value=\"Pedreguer\">Pedreguer<\/option><option  value=\"Alcalal\u00ed\">Alcalal\u00ed<\/option><option  value=\"Sella\">Sella<\/option><option  value=\"Lliber\">Lliber<\/option><option  value=\"Molina de Segura\">Molina de Segura<\/option><option  value=\"Urbanizaci\u00f3n El Raso\">Urbanizaci\u00f3n El Raso<\/option><option  value=\"Ciudad Jard\u00edn\">Ciudad Jard\u00edn<\/option><option  value=\"Churriana\">Churriana<\/option><option  value=\"Estacion de Cartama\">Kartellamt<\/option><option  value=\"Ronda\">Ronda<\/option><option  value=\"La Vi\u00f1uela\">La Vi\u00f1uela<\/option><option  value=\"Cortes de la Frontera\">Cortes de la Frontera<\/option><option  value=\"Gauc\u00edn\">Gauc\u00edn<\/option><option  value=\"Teulada\">Teulada<\/option><option  value=\"Alora\">Alora<\/option><option  value=\"Algarrobo\">Algarrobo<\/option><option  value=\"Antequera\">Antequera<\/option><option  value=\"El Burgo\">El Burgo<\/option><option  value=\"Maro\">Maro<\/option><option  value=\"Crevillente - Crevillent\">Crevillente - Crevillent<\/option><option  value=\"Arriate\">Arriate<\/option><option  value=\"Monda\">Monda<\/option><option  value=\"Alhaur\u00edn de la Torre\">Alhaur\u00edn de la Torre<\/option><option  value=\"Puerto de la Torre\">Puerto de la Torre<\/option><option  value=\"Fuente-\u00c1lamo de Murcia\">Fuente-\u00c1lamo de Murcia<\/option><option  value=\"El Paraiso\">El Paraiso<\/option><option  value=\"Elche\">Elche<\/option><option  value=\"Novelda\">Novelda<\/option><option  value=\"Abanilla\">Abanilla<\/option><option  value=\"Beniel\">Beniel<\/option><option  value=\"C\u00e1rtama\">C\u00e1rtama<\/option><option  value=\"Alhaur\u00edn el Grande\">Alhaur\u00edn el Grande<\/option><option  value=\"Co\u00edn\">Co\u00edn<\/option><option  value=\"Pizarra\">Pizarra<\/option><option  value=\"Frigiliana\">Frigiliana<\/option><option  value=\"J\u00e1vea - X\u00e0bia\">J\u00e1vea - X\u00e0bia<\/option><option  value=\"Torre-Pacheco\">Torre-Pacheco<\/option><option  value=\"Avileses\">Avileses<\/option><option  value=\"La Marina del Pinet\">La Marina del Pinet<\/option><option  value=\"Archena\">Archena<\/option><option  value=\"Yecla\">Yecla<\/option><option  value=\"Ist\u00e1n\">Ist\u00e1n<\/option><option  value=\"Alfaz del Pi\">Alfaz del Pi<\/option><option  value=\"Mutxamel\">Mutxamel<\/option><option  value=\"Formentera del Segura\">Formentera del Segura<\/option><option  value=\"Benijofar\">Benijofar<\/option><option  value=\"El Verger\">El Verger<\/option><option  value=\"Almorad\u00ed\">Almorad\u00ed<\/option><option  value=\"Moratalla\">Moratalla<\/option><option  value=\"Els Poblets\">Els Poblets<\/option><option  value=\"Godella\">Godella<\/option><option  value=\"J\u00e1vea\">J\u00e1vea<\/option><option  value=\"Cox\">Cox<\/option><option  value=\"Benitachell\">Benitachell<\/option><option  value=\"Pinoso\">Pinoso<\/option><option  value=\"\u00c1guilas\">\u00c1guilas<\/option><option  value=\"Calasparra\">Calasparra<\/option><option  value=\"Oj\u00e9n\">Oj\u00e9n<\/option><option  value=\"Nerja\">Nerja<\/option><option  value=\"Fortuna\">Fortuna<\/option><option  value=\"Lorca\">Lorca<\/option><option  value=\"Bigastro\">Bigastro<\/option><option  value=\"Torrox\">Torrox<\/option><option  value=\"Rinc\u00f3n de la Victoria\">Rinc\u00f3n de la Victoria<\/option><option  value=\"Benidorm\">Benidorm<\/option><option  value=\"Altea\">Altea<\/option><option  value=\"Hond\u00f3n de las Nieves\">Hond\u00f3n de las Nieves<\/option><option  value=\"Los Montesinos\">Los Montesinos<\/option><option  value=\"Aspe\">Aspe<\/option><option  value=\"Rafal\">Rafal<\/option><option  value=\"Alhama de Murcia\">Alhama de Murcia<\/option><option  value=\"La Nuc\u00eda\">La Nuc\u00eda<\/option><option  value=\"Polop\">Polop<\/option><option  value=\"El Rafol D&#039;almunia\">El Rafol D'almunia<\/option><option  value=\"D\u00e9nia\">D\u00e9nia<\/option><option  value=\"Jacarilla\">Jacarilla<\/option><option  value=\"San Fulgencio\">San Fulgencio<\/option><option  value=\"M\u00e1laga\">M\u00e1laga<\/option><option  value=\"Cartagena\">Cartagena<\/option><option  value=\"Xeresa\">Xeresa<\/option><option  value=\"V\u00e9lez-M\u00e1laga\">V\u00e9lez-M\u00e1laga<\/option><option  value=\"Fuente \u00c1lamo de Murcia\">Fuente \u00c1lamo de Murcia<\/option><option  value=\"Alf\u00e0s del Pi\">Alf\u00e0s del Pi<\/option><option  value=\"Denia\">Denia<\/option><option  value=\"Santa Pola\">Santa Pola<\/option><option  value=\"Benahav\u00eds\">Benahav\u00eds<\/option><option  value=\"Manilva\">Manilva<\/option><option  value=\"Almu\u00f1\u00e9car\">Almu\u00f1\u00e9car<\/option><option  value=\"Monforte del Cid\">Monforte del Cid<\/option><option  value=\"Dolores\">Dolores<\/option><option  value=\"Murcia\">Murcia<\/option><option  value=\"Penaguila\">Penaguila<\/option><option  value=\"La Nucia\">La Nucia<\/option><option  value=\"Daya Nueva\">Daya Nueva<\/option><option  value=\"Rojales\">Rojales<\/option><option  value=\"Moj\u00e1car\">Moj\u00e1car<\/option><option  value=\"San Miguel de Salinas\">San Miguel de Salinas<\/option><option  value=\"Benij\u00f3far\">Benij\u00f3far<\/option><option  value=\"Alicante\">Alicante<\/option><option  value=\"Torre Pacheco\">Torre Pacheco<\/option><option  value=\"Calpe\">Calpe<\/option><option  value=\"Marbella\">Marbella<\/option><option  value=\"La Romana\">La Romana<\/option><option  value=\"Algorfa\">Algorfa<\/option><option  value=\"Teulada-Moraira\">Teulada-Moraira<\/option><option  value=\"Benissa\">Benissa<\/option><option  value=\"Torremolinos\">Torremolinos<\/option><option  value=\"Orihuela\">Orihuela<\/option><option  value=\"Los Alc\u00e1zares\">Los Alc\u00e1zares<\/option><option  value=\"Casares\">Casares<\/option><option  value=\"Polop de la Marina\">Polop de la Marina<\/option><option  value=\"L&#039;Alf\u00e0s del Pi\">L'Alf\u00e0s del Pi<\/option><option  value=\"Vera\">Vera<\/option><option  value=\"Torrevieja\">Torrevieja<\/option><option  value=\"Pilar de La Horadada\">Pilar de La Horadada<\/option><option  value=\"Benic\u00e0ssim\">Benic\u00e0ssim<\/option><option  value=\"San Juan de Alicante\">San Juan de Alicante<\/option><option  value=\"San Javier\">San Javier<\/option><option  value=\"Estepona\">Estepona<\/option><option  value=\"San Roque\">San Roque<\/option><option  value=\"Finestrat\">Finestrat<\/option><option  value=\"Cuevas del Almanzora\">Cuevas del Almanzora<\/option><option  value=\"Monachil\">Monachil<\/option><option  value=\"El Campello\">El Campello<\/option><option  value=\"Benalm\u00e1dena\">Benalm\u00e1dena<\/option><option  value=\"San Pedro del Pinatar\">San Pedro del Pinatar<\/option><option  value=\"El Ejido\">El Ejido<\/option><option  value=\"Fuengirola\">Fuengirola<\/option><option  value=\"Guardamar del Segura\">Guardamar del Segura<\/option><option  value=\"Mazarr\u00f3n\">Mazarr\u00f3n<\/option><option  value=\"Pulp\u00ed\">Pulp\u00ed<\/option><option  value=\"Mijas\">Mijas<\/option><option  value=\"Villajoyosa\">Villajoyosa<\/option><option  value=\"Costa Tropical\">Costa Tropical<\/option><option  value=\"Costa Blanca\">Costa Blanca<\/option><option  value=\"Costa de Almeria\">Costa de Almeria<\/option><option  value=\"Costa Calida\">Costa Calida<\/option><option  value=\"Costa de la Luz\">Costa de la Luz<\/option><option  value=\"Costa del Sol\">Costa del Sol<\/option><option  value=\"Calahonda\">Calahonda<\/option>            <\/select>\n        <\/div>\n                            <\/div>\n                                <div class=\"elementor-field-group elementor-column form-group elementor-field-group-field-types elementor-col-25 elementor-sm-100\">\n                            <div class=\"elementor-field elementor-select-wrapper form-group\">\n            <select multiple=\"multiple\" title=\"Suche nach\" data-selected-text-format=\"count &gt; 1\" data-select-all-text=\"Select All\" data-deselect-all-text=\"Deselect All\" data-actions-box=\"true\" data-count-selected-text=\"{0} types selected\" data-live-search=\"true\" data-live-search-normalize=\"true\" data-size=\"5\" name=\"type[]\" id=\"form-field-field-types\" class=\"selectpicker bs-select-hidden houzez-field-textual form-control elementor-size-sm\" data-none-results-text=\"No results matched {0}\">\n                <option data-ref=\"house\"   value=\"house\">Haus<\/option><option data-ref=\"apartment\"   value=\"apartment\">Wohnung<\/option><option data-ref=\"ground-floor-apartment\"  value=\"ground-floor-apartment\"> - Wohnung im Erdgeschoss<\/option><option data-ref=\"middle-floor-apartment\"  value=\"middle-floor-apartment\"> - Wohnung im mittleren Stockwerk<\/option><option data-ref=\"top-floor-apartment\"  value=\"top-floor-apartment\"> - Dachgeschoss-Wohnung<\/option><option data-ref=\"penthouse\"   value=\"penthouse\">Penthouse<\/option><option data-ref=\"penthouse-duplex\"  value=\"penthouse-duplex\"> - Penthouse Duplex<\/option><option data-ref=\"semi-penthouse\"  value=\"semi-penthouse\"> - Semi-Penthouse<\/option><option data-ref=\"duplex\"   value=\"duplex\">Duplex<\/option><option data-ref=\"studio\"   value=\"studio\">Studio<\/option><option data-ref=\"ground-floor-studio\"  value=\"ground-floor-studio\"> - Studio im Erdgeschoss<\/option><option data-ref=\"middle-floor-studio\"  value=\"middle-floor-studio\"> - Studio im mittleren Stockwerk<\/option><option data-ref=\"top-floor-studio\"  value=\"top-floor-studio\"> - Studio im Dachgeschoss<\/option><option data-ref=\"villa\"   value=\"villa\">Villa<\/option><option data-ref=\"semidetached\"  value=\"semidetached\"> - Doppelhaush\u00e4lfte<\/option><option data-ref=\"townhouse\"   value=\"townhouse\">Stadthaus<\/option><option data-ref=\"finca-cortijo\"   value=\"finca-cortijo\">Finca - Cortijo<\/option><option data-ref=\"bungalow\"   value=\"bungalow\">Bungalow<\/option><option data-ref=\"ground-floor-bungalow\"  value=\"ground-floor-bungalow\"> - Erdgeschoss Bungalow<\/option><option data-ref=\"top-floor-bungalow\"  value=\"top-floor-bungalow\"> - Dachgeschoss Bungalow<\/option><option data-ref=\"quad\"   value=\"quad\">Quad<\/option>            <\/select>\n        <\/div>\n                            <\/div>\n                                <div class=\"elementor-field-group elementor-column form-group elementor-field-group-7dabaed elementor-col-25\">\n                            <div class=\"elementor-field elementor-select-wrapper form-group\">\n            <select multiple=\"multiple\" title=\"NewDev &amp; Wiederverkauf\" data-selected-text-format=\"count &gt; 1\" data-select-all-text=\"Select All\" data-deselect-all-text=\"Deselect All\" data-actions-box=\"true\" data-count-selected-text=\"{0} items selected\" data-live-search=\"true\" data-live-search-normalize=\"true\" data-size=\"5\" name=\"label[]\" id=\"form-field-7dabaed\" class=\"selectpicker bs-select-hidden houzez-field-textual form-control elementor-size-sm\" data-none-results-text=\"No results matched {0}\">\n                <option data-ref=\"new-developmentresale\"   value=\"new-developmentresale\">Neuentwicklung,Wiederverkauf<\/option><option data-ref=\"new-development\"   value=\"new-development\">NewBuild<\/option><option data-ref=\"resale\"   value=\"resale\">Wiederverkauf<\/option>            <\/select>\n        <\/div>\n                            <\/div>\n                                <div class=\"elementor-field-group elementor-column form-group elementor-field-group-field-beds elementor-col-16 elementor-sm-100\">\n                            <div class=\"elementor-field elementor-select-wrapper\">\n            <select data-size=\"5\" name=\"bedrooms\" id=\"form-field-field-beds\" class=\"selectpicker bs-select-hidden houzez-field-textual form-control elementor-size-sm\">\n                <option value=\"\">Schlafr\u00e4ume<\/option><option value=\"1\">1<\/option><option value=\"2\">2<\/option><option value=\"3\">3<\/option><option value=\"4\">4<\/option><option value=\"5\">5<\/option><option value=\"6\">6<\/option><option value=\"7\">7<\/option><option value=\"8\">8<\/option><option value=\"9\">9<\/option><option value=\"10\">10<\/option><option value=\"any\">Jede<\/option>            <\/select>\n        <\/div>\n                            <\/div>\n                                <div class=\"elementor-field-group elementor-column form-group elementor-field-group-5c2d2f5 elementor-col-16\">\n                    <input type=\"text\" size=\"1\" name=\"property_id\" id=\"form-field-5c2d2f5\" value=\"\" class=\"elementor-field form-control elementor-size-sm elementor-field-textual\" placeholder=\"Eigenschaft ID\">                    <\/div>\n                                <div class=\"elementor-field-group elementor-column form-group elementor-field-group-2bd72fb elementor-col-50 houzez-ele-price-slider\">\n                            <div class=\"col-12 col-lg-12\">\n            <div class=\"range-wrap\" data-price-range-id=\"olILgLsZ\">\n                <div class=\"range-text mb-3\">\n                    <span class=\"range-title\"><\/span><i class=\"houzez-icon icon-arrow-right-1\"><\/i>\n                    <span class=\"min-price-range\"><\/span>\n                    <i class=\"houzez-icon icon-arrow-right-1\"><\/i>\n                    <span class=\"max-price-range\"><\/span>\n                <\/div><!-- range-text -->\n                <div class=\"range-wrap\">\n                    <div class=\"sliders_control\">\n                    <input id=\"fromSlider_olILgLsZ\" type=\"range\" name=\"min-price\" step=\"50\" value=\"\" min=\"\" max=\"\" class=\"hz-price-range-from\"\/>\n                    <input id=\"toSlider_olILgLsZ\" type=\"range\" name=\"max-price\" step=\"50\" value=\"\" min=\"\" max=\"\" class=\"hz-price-range-to\"\/>\n                    <\/div>\n                <\/div>\n            <\/div><!-- range-wrap -->\n        <\/div>\n                            <\/div>\n                                    <div class=\"elementor-field-group elementor-column elementor-field-type-submit elementor-col-16\">\n                                <button type=\"submit\" class=\"houzez-search-button btn-primary elementor-button elementor-size-sm\">\n                                                                            Suche                                                                    <\/button>\n                            <\/div>\n                            \n                <\/div><!-- End main wrapper-->\n\n                            <\/div> <!-- End houzez-search-builder-wrapper -->\n        <input type=\"hidden\" name=\"trp-form-language\" value=\"de\"\/><\/form>\n\n        \t\t\t\t<\/div>\n\t\t\t\t<\/div>\n\t\t\t\t\t<\/div>\n\t\t\t\t<\/div>\n\t\t\t\t<\/div>","protected":false},"excerpt":{"rendered":"<p>Costa del SolCosta CalidaCosta BlancaCosta de la LuzCosta de Almer\u00edaCosta Tropical Vi\u00f1uelaTotanaCatral JumillaBenferriAlmog\u00eda GuaroArenasAlmacharPerianaComaresSedellaVillanueva De La ConcepcionCasarabonelaPedreguerAlcalal\u00edSellaLliberMolina de SeguraUrbanizaci\u00f3n El RasoCiudad Jard\u00ednChurrianaEstacion de CartamaRondaLa Vi\u00f1uelaCortes de la FronteraGauc\u00ednTeuladaAloraAlgarroboAntequeraEl BurgoMaroCrevillente &#8211; CrevillentArriateMondaAlhaur\u00edn de la TorrePuerto de la TorreFuente-\u00c1lamo de MurciaEl ParaisoElcheNoveldaAbanillaBenielC\u00e1rtamaAlhaur\u00edn el GrandeCo\u00ednPizarraFrigilianaJ\u00e1vea &#8211; X\u00e0biaTorre-PachecoAvilesesLa Marina del PinetArchenaYeclaIst\u00e1nAlfaz del PiMutxamelFormentera del SeguraBenijofarEl VergerAlmorad\u00edMoratallaEls PobletsGodellaJ\u00e1veaCoxBenitachellPinoso\u00c1guilasCalasparraOj\u00e9nNerjaFortunaLorcaBigastroTorroxRinc\u00f3n de la [&hellip;]<\/p>\n","protected":false},"author":1,"featured_media":309679,"parent":0,"menu_order":0,"comment_status":"closed","ping_status":"closed","template":"template\/template-search.php","meta":{"footnotes":""},"class_list":["post-55191","page","type-page","status-publish","has-post-thumbnail","hentry"],"_links":{"self":[{"href":"https:\/\/delsolestates.com\/de\/wp-json\/wp\/v2\/pages\/55191","targetHints":{"allow":["GET"]}}],"collection":[{"href":"https:\/\/delsolestates.com\/de\/wp-json\/wp\/v2\/pages"}],"about":[{"href":"https:\/\/delsolestates.com\/de\/wp-json\/wp\/v2\/types\/page"}],"author":[{"embeddable":true,"href":"https:\/\/delsolestates.com\/de\/wp-json\/wp\/v2\/users\/1"}],"replies":[{"embeddable":true,"href":"https:\/\/delsolestates.com\/de\/wp-json\/wp\/v2\/comments?post=55191"}],"version-history":[{"count":0,"href":"https:\/\/delsolestates.com\/de\/wp-json\/wp\/v2\/pages\/55191\/revisions"}],"wp:featuredmedia":[{"embeddable":true,"href":"https:\/\/delsolestates.com\/de\/wp-json\/wp\/v2\/media\/309679"}],"wp:attachment":[{"href":"https:\/\/delsolestates.com\/de\/wp-json\/wp\/v2\/media?parent=55191"}],"curies":[{"name":"wp","href":"https:\/\/api.w.org\/{rel}","templated":true}]}}