{"id":47568,"date":"2025-11-09T14:43:02","date_gmt":"2025-11-09T12:43:02","guid":{"rendered":"https:\/\/delsolestates.com\/?page_id=47568"},"modified":"2025-11-27T22:41:43","modified_gmt":"2025-11-27T21:41:43","slug":"agent-enregistre-membre-de-lapi","status":"publish","type":"page","link":"https:\/\/delsolestates.com\/fr\/domicile\/contact\/agent-enregistre-membre-de-lapi\/","title":{"rendered":"Registered Agent &#038; API member"},"content":{"rendered":"<div data-elementor-type=\"wp-page\" data-elementor-id=\"47568\" class=\"elementor elementor-47568\">\n\t\t\t\t<div class=\"elementor-element elementor-element-a578f73 e-flex e-con-boxed e-con e-parent\" data-id=\"a578f73\" data-element_type=\"container\" data-e-type=\"container\">\n\t\t\t\t\t<div class=\"e-con-inner\">\n\t\t<div class=\"elementor-element elementor-element-a936cff e-con-full e-flex e-con e-child\" data-id=\"a936cff\" data-element_type=\"container\" data-e-type=\"container\">\n\t\t\t\t<div class=\"elementor-element elementor-element-747bc0e elementor-widget elementor-widget-houzez_elementor_space\" data-id=\"747bc0e\" data-element_type=\"widget\" data-e-type=\"widget\" data-widget_type=\"houzez_elementor_space.default\">\n\t\t\t\t<div class=\"elementor-widget-container\">\n\t\t\t\t\t        <div class=\"houzez-spacer\">\n            <div class=\"houzez-spacer-inner\"><\/div>\n        <\/div>\n        \t\t\t\t<\/div>\n\t\t\t\t<\/div>\n\t\t\t\t<div class=\"elementor-element elementor-element-176c0b0 elementor-widget elementor-widget-image\" data-id=\"176c0b0\" data-element_type=\"widget\" data-e-type=\"widget\" data-widget_type=\"image.default\">\n\t\t\t\t\t\t\t\t\t\t\t\t\t\t\t<img decoding=\"async\" src=\"https:\/\/delsolestates.com\/wp-content\/uploads\/2025\/11\/1.-Logo-2-scaled.png\" title=\"\" alt=\"\" loading=\"lazy\" \/>\t\t\t\t\t\t\t\t\t\t\t\t\t\t\t<\/div>\n\t\t\t\t<\/div>\n\t\t<div class=\"elementor-element elementor-element-4621c89 e-con-full e-flex e-con e-child\" data-id=\"4621c89\" data-element_type=\"container\" data-e-type=\"container\">\n\t\t\t\t<div class=\"elementor-element elementor-element-0580b4e elementor-widget elementor-widget-houzez_elementor_space\" data-id=\"0580b4e\" data-element_type=\"widget\" data-e-type=\"widget\" data-widget_type=\"houzez_elementor_space.default\">\n\t\t\t\t<div class=\"elementor-widget-container\">\n\t\t\t\t\t        <div class=\"houzez-spacer\">\n            <div class=\"houzez-spacer-inner\"><\/div>\n        <\/div>\n        \t\t\t\t<\/div>\n\t\t\t\t<\/div>\n\t\t\t\t<div class=\"elementor-element elementor-element-fffabab elementor-widget elementor-widget-houzez_elementor_section_title\" data-id=\"fffabab\" data-element_type=\"widget\" data-e-type=\"widget\" data-widget_type=\"houzez_elementor_section_title.default\">\n\t\t\t\t<div class=\"elementor-widget-container\">\n\t\t\t\t\t            <div class=\"houzez_section_title_wrap section-title-module\">\n                                    <h2 class=\"houzez_section_title\">Agent agr\u00e9\u00e9 et membre de l'API<\/h2>\n                \n                                    <p class=\"houzez_section_subtitle\">BC Del Sol Estates &amp; Investments est un agent immobilier titulaire d'une licence compl\u00e8te, fi\u00e8rement enregistr\u00e9 en vertu des nouvelles r\u00e9glementations obligatoires pour les agents de la r\u00e9gion de la Costa del Sol. Ces r\u00e9glementations, en vigueur \u00e0 partir de novembre 2024, exigent que tous les agents immobiliers op\u00e9rant dans la r\u00e9gion se conforment \u00e0 des obligations l\u00e9gales strictes et remplissent les formalit\u00e9s d'enregistrement n\u00e9cessaires.\n\nPar ailleurs, BC Del Sol Estates &amp; Investments est fi\u00e8re d'\u00eatre membre de l'API (Agente de la Propiedad Inmobiliaria), une association professionnelle respect\u00e9e dans le secteur de l'immobilier en Espagne. L'adh\u00e9sion \u00e0 l'API est facultative mais signifie un engagement \u00e0 respecter des normes \u00e9lev\u00e9es, y compris une formation professionnelle, une exp\u00e9rience \u00e9prouv\u00e9e et l'adh\u00e9sion \u00e0 un code \u00e9thique rigoureux.\n\nEn \u00e9tant \u00e0 la fois l\u00e9galement enregistr\u00e9 sur la Costa del Sol et membre de l'API, nous fournissons aux acheteurs et aux vendeurs la plus grande assurance de professionnalisme et de confiance dans chaque transaction.<\/p>\n                            <\/div>\n            \t\t\t\t<\/div>\n\t\t\t\t<\/div>\n\t\t\t\t<\/div>\n\t\t\t\t\t<\/div>\n\t\t\t\t<\/div>\n\t\t<div class=\"elementor-element elementor-element-1626986 e-flex e-con-boxed e-con e-parent\" data-id=\"1626986\" data-element_type=\"container\" data-e-type=\"container\" data-settings=\"{&quot;background_background&quot;:&quot;classic&quot;}\">\n\t\t\t\t\t<div class=\"e-con-inner\">\n\t\t\t\t<div class=\"elementor-element elementor-element-ebc0841 elementor-widget elementor-widget-houzez_elementor_space\" data-id=\"ebc0841\" data-element_type=\"widget\" data-e-type=\"widget\" data-widget_type=\"houzez_elementor_space.default\">\n\t\t\t\t<div class=\"elementor-widget-container\">\n\t\t\t\t\t        <div class=\"houzez-spacer\">\n            <div class=\"houzez-spacer-inner\"><\/div>\n        <\/div>\n        \t\t\t\t<\/div>\n\t\t\t\t<\/div>\n\t\t\t\t<div class=\"elementor-element elementor-element-ed8ac93 elementor-widget elementor-widget-houzez_elementor_section_title\" data-id=\"ed8ac93\" data-element_type=\"widget\" data-e-type=\"widget\" data-widget_type=\"houzez_elementor_section_title.default\">\n\t\t\t\t<div class=\"elementor-widget-container\">\n\t\t\t\t\t            <div class=\"houzez_section_title_wrap section-title-module\">\n                                    <h2 class=\"houzez_section_title\">Qu'est-ce que cela signifie pour vous ?<\/h2>\n                \n                                    <p class=\"houzez_section_subtitle\">DEL SOL ESTATES &amp; INVESTMENTS<\/p>\n                            <\/div>\n            \t\t\t\t<\/div>\n\t\t\t\t<\/div>\n\t\t\t\t<div class=\"elementor-element elementor-element-fa38677 elementor-widget elementor-widget-text-editor\" data-id=\"fa38677\" data-element_type=\"widget\" data-e-type=\"widget\" data-widget_type=\"text-editor.default\">\n\t\t\t\t\t\t\t\t\t<p>Le march\u00e9 de l'immobilier est vaste et complexe, il est donc essentiel de choisir un agent qui donne la priorit\u00e9 \u00e0 vos int\u00e9r\u00eats. Le fait d'\u00eatre enregistr\u00e9 et membre de l'API garantit que nous prot\u00e9geons et servons nos clients avec int\u00e9grit\u00e9 et professionnalisme.<\/p><p>Voici ce \u00e0 quoi vous pouvez vous attendre lorsque vous travaillez avec\u00a0<strong>BC Del Sol Estates &amp; Investments<\/strong>:<\/p><p>\u00a0<\/p><h4>1.\u00a0<strong>Assurance des d\u00e9p\u00f4ts<\/strong><\/h4><p>Nous maintenons une assurance-d\u00e9p\u00f4ts avec une garantie minimale de 60 000 euros par bureau en contact avec le public sur la Costa del Sol.<\/p><h4>2.\u00a0<strong>Assurance responsabilit\u00e9 civile<\/strong><\/h4><p>Nos bureaux sont couverts par une assurance responsabilit\u00e9 civile avec une limite minimale de 600 000 euros.<\/p><h4>3.\u00a0<strong>Respect de la l\u00e9gislation en vigueur<\/strong><\/h4><p>Nous agissons avec ind\u00e9pendance, impartialit\u00e9 et prudence, et nous nous engageons fermement \u00e0 donner la priorit\u00e9 aux int\u00e9r\u00eats de nos clients tout en respectant toutes les lois applicables.<\/p><h4>4.\u00a0<strong>Expertise r\u00e9glementaire<\/strong><\/h4><p>Nous fournissons des informations claires et pr\u00e9cises sur les r\u00e9glementations et respectons des principes professionnels stricts.<\/p><h4>5.\u00a0<strong>Qualifications professionnelles<\/strong><\/h4><p>Notre \u00e9quipe poss\u00e8de les qualifications requises pour r\u00e9pondre aux normes les plus \u00e9lev\u00e9es dans le domaine de l'immobilier.<\/p><h4>6.\u00a0<strong>Des connaissances actualis\u00e9es<\/strong><\/h4><p>Nous restons inform\u00e9s des derni\u00e8res r\u00e9glementations du secteur et am\u00e9liorons continuellement notre expertise.<\/p><h4>7.\u00a0<strong>Engagement en mati\u00e8re de pratiques \u00e9thiques<\/strong><\/h4><p>Nous nous sommes formellement engag\u00e9s \u00e0 respecter les meilleures pratiques dans tous nos services immobiliers.<\/p>\t\t\t\t\t\t\t\t<\/div>\n\t\t\t\t\t<\/div>\n\t\t\t\t<\/div>\n\t\t\t\t<\/div>","protected":false},"excerpt":{"rendered":"<p>Registered Agent &#038; API Member BC Del Sol Estates &#038; Investments is a fully licensed real estate agent, proudly registered under the new mandatory regulations for agents in the Costa del Sol region. These regulations, effective from November 2024, require all real estate agents operating in the area to comply with strict legal obligations and [&hellip;]<\/p>\n","protected":false},"author":1,"featured_media":0,"parent":18076,"menu_order":6,"comment_status":"closed","ping_status":"closed","template":"elementor_header_footer","meta":{"footnotes":""},"class_list":["post-47568","page","type-page","status-publish","hentry"],"_links":{"self":[{"href":"https:\/\/delsolestates.com\/fr\/wp-json\/wp\/v2\/pages\/47568","targetHints":{"allow":["GET"]}}],"collection":[{"href":"https:\/\/delsolestates.com\/fr\/wp-json\/wp\/v2\/pages"}],"about":[{"href":"https:\/\/delsolestates.com\/fr\/wp-json\/wp\/v2\/types\/page"}],"author":[{"embeddable":true,"href":"https:\/\/delsolestates.com\/fr\/wp-json\/wp\/v2\/users\/1"}],"replies":[{"embeddable":true,"href":"https:\/\/delsolestates.com\/fr\/wp-json\/wp\/v2\/comments?post=47568"}],"version-history":[{"count":0,"href":"https:\/\/delsolestates.com\/fr\/wp-json\/wp\/v2\/pages\/47568\/revisions"}],"up":[{"embeddable":true,"href":"https:\/\/delsolestates.com\/fr\/wp-json\/wp\/v2\/pages\/18076"}],"wp:attachment":[{"href":"https:\/\/delsolestates.com\/fr\/wp-json\/wp\/v2\/media?parent=47568"}],"curies":[{"name":"wp","href":"https:\/\/api.w.org\/{rel}","templated":true}]}}